{"id":981,"date":"2019-07-31T21:25:06","date_gmt":"2019-07-31T19:25:06","guid":{"rendered":"https:\/\/www.absee-laser.com\/?post_type=product&#038;p=981"},"modified":"2019-08-01T09:34:39","modified_gmt":"2019-08-01T07:34:39","slug":"sp1-tk-pm2","status":"publish","type":"product","link":"https:\/\/www.absee-laser.com\/de\/teile\/kla-tencor-sp1\/sp1-tk-pm2\/","title":{"rendered":"SP1-TK-PM2"},"content":{"rendered":"<div class=\"fusion-text\"><\/p>\n<p>Zweikanal-Leistungsmess-Kit bestehend aus einem Zweikanal- Leistungsmessger\u00e4t und zwei Leistungssensoren, speziell kalibriert f\u00fcr den Einsatz an der KLA SP1 TBI oder DLS, f\u00fcr eine einfache Einstellung des Autocal-Pins<\/p>\n<\/div>\n<div class=\"fusion-button-wrappercenter\"><style type=\"text\/css\" scoped=\"scoped\">.fusion-button.button-1 .fusion-button-text, .fusion-button.button-1 i {color:#105378;}.fusion-button.button-1 {border-width:0px;border-color:#105378;}.fusion-button.button-1 .fusion-button-icon-divider{border-color:#105378;}.fusion-button.button-1:hover .fusion-button-text, .fusion-button.button-1:hover i,.fusion-button.button-1:focus .fusion-button-text, .fusion-button.button-1:focus i,.fusion-button.button-1:active .fusion-button-text, .fusion-button.button-1:active{color:#105378;}.fusion-button.button-1:hover, .fusion-button.button-1:focus, .fusion-button.button-1:active{border-width:0px;border-color:#105378;}.fusion-button.button-1:hover .fusion-button-icon-divider, .fusion-button.button-1:hover .fusion-button-icon-divider, .fusion-button.button-1:active .fusion-button-icon-divider{border-color:#105378;}.fusion-button.button-1 .fusion-button-text {text-transform:uppercase;}.fusion-button.button-1{width:100%;}<\/style><a class=\"fusion-button button-flat fusion-button-square button-small button-default button-1\" target=\"_self\" href=\"https:\/\/www.absee-laser.com\/unternehmen\/\"><i class=\"fa-plus-square fas button-icon-left\"><\/i><span class=\"fusion-button-text\">Anfrage<\/span><\/a><\/div>\n<\/p>\n<div class=\"table-2\">\n<table width=\"70%\">\n<tbody>\n<tr>\n<td align=\"left\">OEM Name:<\/td>\n<td align=\"left\"><\/td>\n<\/tr>\n<tr>\n<td align=\"left\">OEM P\/N:<\/td>\n<td align=\"left\"><\/td>\n<\/tr>\n<tr>\n<td align=\"left\">Beschreibung:<\/td>\n<td align=\"left\">Zweikanal-Leistungsmess-Kit bestehend aus einem Zweikanal- Leistungsmessger\u00e4t und zwei Leistungssensoren, speziell kalibriert f\u00fcr den Einsatz an der KLA SP1 TBI oder DLS, f\u00fcr eine einfache Einstellung des Autocal-Pins<\/td>\n<\/tr>\n<tr>\n<td align=\"left\">Artkikelzustand:<\/td>\n<td align=\"left\">Neu<\/td>\n<\/tr>\n<\/tbody>\n<\/table>\n<\/div>\n<p>\n","protected":false},"excerpt":{"rendered":"[fusion_text columns=\"\" column_min_width=\"\" column_spacing=\"\" rule_style=\"default\" rule_size=\"\" rule_color=\"\" hide_on_mobile=\"small-visibility,medium-visibility,large-visibility\" class=\"\" id=\"\"]<\/p>\n<p>Zweikanal-Leistungsmess-Kit bestehend aus einem Zweikanal- Leistungsmessger\u00e4t und zwei Leistungssensoren, speziell kalibriert f\u00fcr den Einsatz an der KLA SP1 TBI oder DLS, f\u00fcr eine einfache Einstellung des Autocal-Pins<br \/>\n[\/fusion_text]\n","protected":false},"featured_media":0,"template":"","meta":[],"product_cat":[23],"product_tag":[24,25],"class_list":["post-981","product","type-product","status-publish","hentry","product_cat-kla-tencor-sp1","product_tag-kla-tencor","product_tag-sp1","product-list-view"],"yoast_head":"<!-- This site is optimized with the Yoast SEO plugin v18.3 - https:\/\/yoast.com\/wordpress\/plugins\/seo\/ -->\n<title>SP1-TK-PM2 &raquo; ABSee-Laser<\/title>\n<meta name=\"description\" content=\"Zweikanal-Leistungsmess-Kit bestehend aus einem Zweikanal- Leistungsmessger\u00e4t und zwei Leistungssensor, speziell kalibriert f\u00fcr den Einsatz an der KLA SP1 TBI oder DLS, f\u00fcr eine einfache Einstellung des Autocal-Pins\" \/>\n<meta name=\"robots\" content=\"index, follow, max-snippet:-1, max-image-preview:large, max-video-preview:-1\" \/>\n<link rel=\"canonical\" href=\"https:\/\/www.absee-laser.com\/de\/teile\/kla-tencor-sp1\/sp1-tk-pm2\/\" \/>\n<meta property=\"og:locale\" content=\"de_DE\" \/>\n<meta property=\"og:type\" content=\"article\" \/>\n<meta property=\"og:title\" content=\"SP1-TK-PM2 &raquo; ABSee-Laser\" \/>\n<meta property=\"og:description\" content=\"Zweikanal-Leistungsmess-Kit bestehend aus einem Zweikanal- Leistungsmessger\u00e4t und zwei Leistungssensor, speziell kalibriert f\u00fcr den Einsatz an der KLA SP1 TBI oder DLS, f\u00fcr eine einfache Einstellung des Autocal-Pins\" \/>\n<meta property=\"og:url\" content=\"https:\/\/www.absee-laser.com\/de\/teile\/kla-tencor-sp1\/sp1-tk-pm2\/\" \/>\n<meta property=\"og:site_name\" content=\"ABSee-Laser\" \/>\n<meta property=\"article:modified_time\" content=\"2019-08-01T07:34:39+00:00\" \/>\n<meta name=\"twitter:card\" content=\"summary_large_image\" \/>\n<meta name=\"twitter:label1\" content=\"Gesch\u00e4tzte Lesezeit\" \/>\n\t<meta name=\"twitter:data1\" content=\"1\u00a0Minute\" \/>\n<script type=\"application\/ld+json\" class=\"yoast-schema-graph\">{\"@context\":\"https:\/\/schema.org\",\"@graph\":[{\"@type\":\"Organization\",\"@id\":\"https:\/\/www.absee-laser.com\/de\/#organization\",\"name\":\"ABSee-Laser\",\"url\":\"https:\/\/www.absee-laser.com\/de\/\",\"sameAs\":[],\"logo\":{\"@type\":\"ImageObject\",\"@id\":\"https:\/\/www.absee-laser.com\/de\/#logo\",\"inLanguage\":\"de\",\"url\":\"https:\/\/www.absee-laser.com\/wp-content\/uploads\/2019\/07\/ABSee_Logo_klein-e1564474609863.png\",\"contentUrl\":\"https:\/\/www.absee-laser.com\/wp-content\/uploads\/2019\/07\/ABSee_Logo_klein-e1564474609863.png\",\"width\":395,\"height\":70,\"caption\":\"ABSee-Laser\"},\"image\":{\"@id\":\"https:\/\/www.absee-laser.com\/de\/#logo\"}},{\"@type\":\"WebSite\",\"@id\":\"https:\/\/www.absee-laser.com\/de\/#website\",\"url\":\"https:\/\/www.absee-laser.com\/de\/\",\"name\":\"ABSee-Laser\",\"description\":\"\",\"publisher\":{\"@id\":\"https:\/\/www.absee-laser.com\/de\/#organization\"},\"potentialAction\":[{\"@type\":\"SearchAction\",\"target\":{\"@type\":\"EntryPoint\",\"urlTemplate\":\"https:\/\/www.absee-laser.com\/de\/?s={search_term_string}\"},\"query-input\":\"required name=search_term_string\"}],\"inLanguage\":\"de\"},{\"@type\":\"WebPage\",\"@id\":\"https:\/\/www.absee-laser.com\/de\/teile\/kla-tencor-sp1\/sp1-tk-pm2\/#webpage\",\"url\":\"https:\/\/www.absee-laser.com\/de\/teile\/kla-tencor-sp1\/sp1-tk-pm2\/\",\"name\":\"SP1-TK-PM2 &raquo; ABSee-Laser\",\"isPartOf\":{\"@id\":\"https:\/\/www.absee-laser.com\/de\/#website\"},\"datePublished\":\"2019-07-31T19:25:06+00:00\",\"dateModified\":\"2019-08-01T07:34:39+00:00\",\"description\":\"Zweikanal-Leistungsmess-Kit bestehend aus einem Zweikanal- Leistungsmessger\u00e4t und zwei Leistungssensor, speziell kalibriert f\u00fcr den Einsatz an der KLA SP1 TBI oder DLS, f\u00fcr eine einfache Einstellung des Autocal-Pins\",\"breadcrumb\":{\"@id\":\"https:\/\/www.absee-laser.com\/de\/teile\/kla-tencor-sp1\/sp1-tk-pm2\/#breadcrumb\"},\"inLanguage\":\"de\",\"potentialAction\":[{\"@type\":\"ReadAction\",\"target\":[\"https:\/\/www.absee-laser.com\/de\/teile\/kla-tencor-sp1\/sp1-tk-pm2\/\"]}]},{\"@type\":\"BreadcrumbList\",\"@id\":\"https:\/\/www.absee-laser.com\/de\/teile\/kla-tencor-sp1\/sp1-tk-pm2\/#breadcrumb\",\"itemListElement\":[{\"@type\":\"ListItem\",\"position\":1,\"name\":\"Startseite\",\"item\":\"https:\/\/www.absee-laser.com\/de\/\"},{\"@type\":\"ListItem\",\"position\":2,\"name\":\"Teile\",\"item\":\"https:\/\/www.absee-laser.com\/de\/teile\/\"},{\"@type\":\"ListItem\",\"position\":3,\"name\":\"SP1-TK-PM2\"}]}]}<\/script>\n<!-- \/ Yoast SEO plugin. -->","yoast_head_json":{"title":"SP1-TK-PM2 &raquo; ABSee-Laser","description":"Zweikanal-Leistungsmess-Kit bestehend aus einem Zweikanal- Leistungsmessger\u00e4t und zwei Leistungssensor, speziell kalibriert f\u00fcr den Einsatz an der KLA SP1 TBI oder DLS, f\u00fcr eine einfache Einstellung des Autocal-Pins","robots":{"index":"index","follow":"follow","max-snippet":"max-snippet:-1","max-image-preview":"max-image-preview:large","max-video-preview":"max-video-preview:-1"},"canonical":"https:\/\/www.absee-laser.com\/de\/teile\/kla-tencor-sp1\/sp1-tk-pm2\/","og_locale":"de_DE","og_type":"article","og_title":"SP1-TK-PM2 &raquo; ABSee-Laser","og_description":"Zweikanal-Leistungsmess-Kit bestehend aus einem Zweikanal- Leistungsmessger\u00e4t und zwei Leistungssensor, speziell kalibriert f\u00fcr den Einsatz an der KLA SP1 TBI oder DLS, f\u00fcr eine einfache Einstellung des Autocal-Pins","og_url":"https:\/\/www.absee-laser.com\/de\/teile\/kla-tencor-sp1\/sp1-tk-pm2\/","og_site_name":"ABSee-Laser","article_modified_time":"2019-08-01T07:34:39+00:00","twitter_card":"summary_large_image","twitter_misc":{"Gesch\u00e4tzte Lesezeit":"1\u00a0Minute"},"schema":{"@context":"https:\/\/schema.org","@graph":[{"@type":"Organization","@id":"https:\/\/www.absee-laser.com\/de\/#organization","name":"ABSee-Laser","url":"https:\/\/www.absee-laser.com\/de\/","sameAs":[],"logo":{"@type":"ImageObject","@id":"https:\/\/www.absee-laser.com\/de\/#logo","inLanguage":"de","url":"https:\/\/www.absee-laser.com\/wp-content\/uploads\/2019\/07\/ABSee_Logo_klein-e1564474609863.png","contentUrl":"https:\/\/www.absee-laser.com\/wp-content\/uploads\/2019\/07\/ABSee_Logo_klein-e1564474609863.png","width":395,"height":70,"caption":"ABSee-Laser"},"image":{"@id":"https:\/\/www.absee-laser.com\/de\/#logo"}},{"@type":"WebSite","@id":"https:\/\/www.absee-laser.com\/de\/#website","url":"https:\/\/www.absee-laser.com\/de\/","name":"ABSee-Laser","description":"","publisher":{"@id":"https:\/\/www.absee-laser.com\/de\/#organization"},"potentialAction":[{"@type":"SearchAction","target":{"@type":"EntryPoint","urlTemplate":"https:\/\/www.absee-laser.com\/de\/?s={search_term_string}"},"query-input":"required name=search_term_string"}],"inLanguage":"de"},{"@type":"WebPage","@id":"https:\/\/www.absee-laser.com\/de\/teile\/kla-tencor-sp1\/sp1-tk-pm2\/#webpage","url":"https:\/\/www.absee-laser.com\/de\/teile\/kla-tencor-sp1\/sp1-tk-pm2\/","name":"SP1-TK-PM2 &raquo; ABSee-Laser","isPartOf":{"@id":"https:\/\/www.absee-laser.com\/de\/#website"},"datePublished":"2019-07-31T19:25:06+00:00","dateModified":"2019-08-01T07:34:39+00:00","description":"Zweikanal-Leistungsmess-Kit bestehend aus einem Zweikanal- Leistungsmessger\u00e4t und zwei Leistungssensor, speziell kalibriert f\u00fcr den Einsatz an der KLA SP1 TBI oder DLS, f\u00fcr eine einfache Einstellung des Autocal-Pins","breadcrumb":{"@id":"https:\/\/www.absee-laser.com\/de\/teile\/kla-tencor-sp1\/sp1-tk-pm2\/#breadcrumb"},"inLanguage":"de","potentialAction":[{"@type":"ReadAction","target":["https:\/\/www.absee-laser.com\/de\/teile\/kla-tencor-sp1\/sp1-tk-pm2\/"]}]},{"@type":"BreadcrumbList","@id":"https:\/\/www.absee-laser.com\/de\/teile\/kla-tencor-sp1\/sp1-tk-pm2\/#breadcrumb","itemListElement":[{"@type":"ListItem","position":1,"name":"Startseite","item":"https:\/\/www.absee-laser.com\/de\/"},{"@type":"ListItem","position":2,"name":"Teile","item":"https:\/\/www.absee-laser.com\/de\/teile\/"},{"@type":"ListItem","position":3,"name":"SP1-TK-PM2"}]}]}},"_links":{"self":[{"href":"https:\/\/www.absee-laser.com\/de\/wp-json\/wp\/v2\/product\/981","targetHints":{"allow":["GET"]}}],"collection":[{"href":"https:\/\/www.absee-laser.com\/de\/wp-json\/wp\/v2\/product"}],"about":[{"href":"https:\/\/www.absee-laser.com\/de\/wp-json\/wp\/v2\/types\/product"}],"wp:attachment":[{"href":"https:\/\/www.absee-laser.com\/de\/wp-json\/wp\/v2\/media?parent=981"}],"wp:term":[{"taxonomy":"product_cat","embeddable":true,"href":"https:\/\/www.absee-laser.com\/de\/wp-json\/wp\/v2\/product_cat?post=981"},{"taxonomy":"product_tag","embeddable":true,"href":"https:\/\/www.absee-laser.com\/de\/wp-json\/wp\/v2\/product_tag?post=981"}],"curies":[{"name":"wp","href":"https:\/\/api.w.org\/{rel}","templated":true}]}}